{"id":6026,"date":"2024-03-21T11:16:03","date_gmt":"2024-03-21T10:16:03","guid":{"rendered":"https:\/\/18.153.32.193\/duurzaamheidstransformatie\/"},"modified":"2025-05-23T09:31:37","modified_gmt":"2025-05-23T08:31:37","slug":"duurzaamheidstransformatie","status":"publish","type":"page","link":"https:\/\/www.goal17.io\/nl\/duurzaamheidstransformatie\/","title":{"rendered":"Duurzaamheidstransformatie"},"content":{"rendered":"<\/p>\n<p>Met onze Sustainability Transformation Services begeleiden we onze klanten op hun reis om een netto-positieve organisatie te worden dat de Sustainable Development Goals van de Verenigde Naties ondersteunt. We hanteren een iteratieve aanpak om uw bedrijfswaardestromen \u00e9\u00e9n voor \u00e9\u00e9n te transformeren. Zo laten wij vroegtijdig resultaat zien en kunnen onze klanten snel de vruchten plukken.<\/p>\n<p>Onze aanpak voor Duurzaamheidstransformatie bestaat uit een continue verbetercyclus van vier fasen, te beginnen met een extra beoordelingsfase:<\/p>\n<ol>\n<li>Beoordeling huidige staat en bewustzijn cre\u00ebren<\/li>\n<li>Prioriteiten defini\u00ebren en doelen stellen<\/li>\n<li>Implementeren &amp; ntegreren<\/li>\n<li>Rapporteren en communiceren<\/li>\n<li>Aanpassen en opnieuw beoordelen<\/li>\n<\/ol>\n<p>Maatschappelijk verantwoord ondernemen betekent een ge\u00efntegreerde aanpak van Risk &amp; Compliancy, Programme &amp; Project Management, Implementatie ESG &amp; GRC software oplossingen, Digitale Duurzaamheid en ESG Rapportage diensten (zie onderstaande afbeelding).<\/p>\n<p>\t\t\t\t\t\t\t\t\t\t\t\t\t<img fetchpriority=\"high\" decoding=\"async\" width=\"1438\" height=\"774\" src=\"https:\/\/i0.wp.com\/www.goal17.eco\/wp-content\/uploads\/2024\/03\/SMS-new.png?fit=1438%2C774&amp;ssl=1\" alt=\"Sustainability Managemement System (SMS)\" srcset=\"https:\/\/i0.wp.com\/www.goal17.eco\/wp-content\/uploads\/2024\/03\/SMS-new.png?w=1438&amp;ssl=1 1438w, https:\/\/i0.wp.com\/www.goal17.eco\/wp-content\/uploads\/2024\/03\/SMS-new.png?resize=300%2C161&amp;ssl=1 300w, https:\/\/i0.wp.com\/www.goal17.eco\/wp-content\/uploads\/2024\/03\/SMS-new.png?resize=1024%2C551&amp;ssl=1 1024w, https:\/\/i0.wp.com\/www.goal17.eco\/wp-content\/uploads\/2024\/03\/SMS-new.png?resize=768%2C413&amp;ssl=1 768w\" sizes=\"(max-width: 1438px) 100vw, 1438px\" \/>\t\t\t\t\t\t\t\t\t\t\t\t\t<\/p>\n<p>Verantwoordelijke bedrijven zijn intrinsiek gemotiveerd om op duurzame wijze waarde toe te voegen aan het milieu, de maatschappij en de werknemers in de waardeketen. Ze worden gekenmerkt door eerlijke overeenkomsten met hun leveranciers, ze voldoen aan verplichte wet- en regelgeving en hebben een goede relatie met hun aandeelhouders. Hun goede reputatie maakt het gemakkelijker om talent aan te trekken en werknemers te behouden.<\/p>\n<p>Onderzoek toont aan dat CR-bedrijven kosteneffici\u00ebnter en innovatiever zijn en (op de langere termijn) meer waarde toevoegen voor aandeelhouders.<\/p>\n\n\n<p class=\"has-text-align-center\"><strong>Wilt u weten wat Goal 17 voor u kan doen?<\/strong><br><strong>Neem contact met ons op via\u00a0<a href=\"mailto:info@goal17.eco\">info@goal17.eco<\/a>\u00a0of bel Marcel Veenhuizen, + 31 6 2245 7831<\/strong><\/p>\n","protected":false},"excerpt":{"rendered":"<p>Met onze Sustainability Transformation Services begeleiden we onze klanten op hun reis om een netto-positieve organisatie te worden dat de Sustainable Development Goals van de Verenigde Naties ondersteunt. We hanteren een iteratieve aanpak om uw bedrijfswaardestromen \u00e9\u00e9n voor \u00e9\u00e9n te transformeren. Zo laten wij vroegtijdig resultaat zien en kunnen onze klanten snel de vruchten plukken. [&hellip;]<\/p>\n","protected":false},"author":7,"featured_media":0,"parent":0,"menu_order":0,"comment_status":"closed","ping_status":"closed","template":"","meta":{"footnotes":""},"class_list":["post-6026","page","type-page","status-publish","hentry"],"jetpack_sharing_enabled":true,"_links":{"self":[{"href":"https:\/\/www.goal17.io\/nl\/wp-json\/wp\/v2\/pages\/6026","targetHints":{"allow":["GET"]}}],"collection":[{"href":"https:\/\/www.goal17.io\/nl\/wp-json\/wp\/v2\/pages"}],"about":[{"href":"https:\/\/www.goal17.io\/nl\/wp-json\/wp\/v2\/types\/page"}],"author":[{"embeddable":true,"href":"https:\/\/www.goal17.io\/nl\/wp-json\/wp\/v2\/users\/7"}],"replies":[{"embeddable":true,"href":"https:\/\/www.goal17.io\/nl\/wp-json\/wp\/v2\/comments?post=6026"}],"version-history":[{"count":9,"href":"https:\/\/www.goal17.io\/nl\/wp-json\/wp\/v2\/pages\/6026\/revisions"}],"predecessor-version":[{"id":6379,"href":"https:\/\/www.goal17.io\/nl\/wp-json\/wp\/v2\/pages\/6026\/revisions\/6379"}],"wp:attachment":[{"href":"https:\/\/www.goal17.io\/nl\/wp-json\/wp\/v2\/media?parent=6026"}],"curies":[{"name":"wp","href":"https:\/\/api.w.org\/{rel}","templated":true}]}}